{"id":6440,"date":"2020-10-08T16:05:24","date_gmt":"2020-10-08T14:05:24","guid":{"rendered":"https:\/\/getlinko.com\/faq-editores\/"},"modified":"2025-04-24T18:30:10","modified_gmt":"2025-04-24T16:30:10","slug":"faq-editores","status":"publish","type":"page","link":"https:\/\/getlinko.com\/en\/faq-editores\/","title":{"rendered":"FAQ &#8211; Editores"},"content":{"rendered":"<p>[et_pb_section fb_built=&#8221;1&#8243; _builder_version=&#8221;4.6.3&#8243; _module_preset=&#8221;default&#8221; background_image=&#8221;https:\/\/getlinko.com\/wp-content\/uploads\/2021\/01\/blurred-abstract-background-copia.jpg&#8221; width=&#8221;100%&#8221; max_width=&#8221;100%&#8221; min_height=&#8221;329px&#8221; custom_margin=&#8221;-110px||||false|false&#8221; custom_margin_tablet=&#8221;&#8221; custom_margin_phone=&#8221;-160px||||false|false&#8221; custom_margin_last_edited=&#8221;on|phone&#8221; hover_enabled=&#8221;0&#8243; title_text=&#8221;Blurred abstract background &#8211; Smooth colors&#8221; sticky_enabled=&#8221;0&#8243;][et_pb_row _builder_version=&#8221;4.6.3&#8243; _module_preset=&#8221;default&#8221; custom_margin=&#8221;90px||||false|false&#8221;][et_pb_column type=&#8221;4_4&#8243; _builder_version=&#8221;4.6.3&#8243; _module_preset=&#8221;default&#8221;][et_pb_text _builder_version=&#8221;4.6.3&#8243; _module_preset=&#8221;default&#8221; header_font=&#8221;|800|||||||&#8221; header_text_align=&#8221;left&#8221; header_text_color=&#8221;#FFFFFF&#8221; header_font_size=&#8221;52px&#8221;]<\/p>\n<h1>FAQ | Editores<\/h1>\n<p>[\/et_pb_text][\/et_pb_column][\/et_pb_row][\/et_pb_section][et_pb_section fb_built=&#8221;1&#8243; _builder_version=&#8221;4.6.3&#8243; _module_preset=&#8221;default&#8221; background_image=&#8221;https:\/\/getlinko.com\/wp-content\/uploads\/2018\/12\/contact-us-banner-bottom-background.jpg&#8221;][et_pb_row _builder_version=&#8221;4.6.3&#8243; _module_preset=&#8221;default&#8221;][et_pb_column type=&#8221;4_4&#8243; _builder_version=&#8221;4.6.3&#8243; _module_preset=&#8221;default&#8221;][et_pb_text _builder_version=&#8221;4.6.3&#8243; _module_preset=&#8221;default&#8221; header_text_color=&#8221;#000000&#8243; header_2_font=&#8221;|800|||||||&#8221; header_2_text_align=&#8221;center&#8221; header_2_font_size=&#8221;40px&#8221;]<\/p>\n<h2>Preguntas frecuentes de Editores<\/h2>\n<p>[\/et_pb_text][et_pb_text _builder_version=&#8221;4.6.3&#8243; _module_preset=&#8221;default&#8221; text_font=&#8221;||||||||&#8221; text_text_color=&#8221;#1e1e1e&#8221; text_font_size=&#8221;16px&#8221; header_2_font=&#8221;|800|||||||&#8221; header_2_text_align=&#8221;center&#8221; header_2_font_size=&#8221;40px&#8221; text_orientation=&#8221;center&#8221;]<\/p>\n<p>Estas son algunas de las preguntas frecuentes que nos hacen nuestros Editores, si no encuentras aqu\u00ed la forma de resolver tu duda, ponte en contacto con nuestro equipo de soporte.<\/p>\n<p>[\/et_pb_text][\/et_pb_column][\/et_pb_row][et_pb_row _builder_version=&#8221;4.6.3&#8243; _module_preset=&#8221;default&#8221;][et_pb_column type=&#8221;4_4&#8243; _builder_version=&#8221;4.6.3&#8243; _module_preset=&#8221;default&#8221;][et_pb_accordion _builder_version=&#8221;4.6.3&#8243; _module_preset=&#8221;default&#8221; body_text_color=&#8221;#1e1e1e&#8221;][et_pb_accordion_item title=&#8221;\u00bfQu\u00e9 necesito para poder dar de alta un medio?&#8221; open=&#8221;on&#8221; open_toggle_text_color=&#8221;#000000&#8243; _builder_version=&#8221;4.6.3&#8243; _module_preset=&#8221;default&#8221; text_orientation=&#8221;left&#8221; toggle_text_color=&#8221;#000000&#8243; toggle_font=&#8221;|700|||||||&#8221; toggle_font_size=&#8221;22px&#8221;]<\/p>\n<p>Si quieres dar de alta un medio este deber\u00e1 ser de tu propiedad y para ello deber\u00e1s verificarlo en uno de los pasos del proceso de alta. Adem\u00e1s deber\u00e1 se un medio de calidad; no aceptamos granjas de enlaces, webs reci\u00e9n creadas, ni de baja calidad en contenidos.<\/p>\n<p>[\/et_pb_accordion_item][et_pb_accordion_item title=&#8221;\u00bfCu\u00e1les son las opciones para retirar mis ganancias?&#8221; open_toggle_text_color=&#8221;#000000&#8243; _builder_version=&#8221;4.6.3&#8243; _module_preset=&#8221;default&#8221; text_orientation=&#8221;left&#8221; toggle_text_color=&#8221;#000000&#8243; toggle_font=&#8221;|700|||||||&#8221; toggle_font_size=&#8221;22px&#8221; open=&#8221;off&#8221;]<\/p>\n<p>Una vez hayas llegado al m\u00ednimo de retirada (20\u20ac) podr\u00e1s retirar tus ganancias por Transferencia Bancaria (solo para Espa\u00f1a) o PayPal (para todo el mundo).\u00a0<\/p>\n<p>Para tener en cuenta Getlinko tiene establecidos dos pagos mensuales para los d\u00edas 1 y 15 de cada mes. Por lo que si haces una solicitud antes del d\u00eda 14 del mes se te pagar\u00e1 el d\u00eda 15 (en caso de ser festivo, el pr\u00f3ximo d\u00eda laborable), si la haces antes del \u00faltimo d\u00eda del mes, se te tramitar\u00e1 el pago el d\u00eda 1.<\/p>\n<p>[\/et_pb_accordion_item][et_pb_accordion_item title=&#8221;\u00bfPuedo elegir mis propias tarifas dentro de la plataforma?&#8221; open_toggle_text_color=&#8221;#000000&#8243; _builder_version=&#8221;4.6.3&#8243; _module_preset=&#8221;default&#8221; text_orientation=&#8221;left&#8221; toggle_text_color=&#8221;#000000&#8243; toggle_font=&#8221;|700|||||||&#8221; toggle_font_size=&#8221;22px&#8221; open=&#8221;off&#8221;]<\/p>\n<p>S\u00ed, siempre y cuando est\u00e9n entre el intervalo: 10\u20ac \u2013 5.000\u20ac. Adem\u00e1s nuestro equipo te ayudar\u00e1 a optimizar los precios para que obtengas los mejores resultados. Podr\u00e1s cambiar los precios siempre que lo desees, excepto cuando tengas pedidos en proceso.<\/p>\n<p>[\/et_pb_accordion_item][et_pb_accordion_item title=&#8221;\u00bfPuedo elegir mis propias tarifas dentro de la plataforma?&#8221; open_toggle_text_color=&#8221;#000000&#8243; _builder_version=&#8221;4.6.3&#8243; _module_preset=&#8221;default&#8221; text_orientation=&#8221;left&#8221; toggle_text_color=&#8221;#000000&#8243; toggle_font=&#8221;|700|||||||&#8221; toggle_font_size=&#8221;22px&#8221; open=&#8221;off&#8221;]<\/p>\n<p>Haz una investigaci\u00f3n en la plataforma y revisa los precios que tienen medios con m\u00e9tricas similares al tuyo. Ten en cuenta que en el precio tiene que estar incluido el coste de redacci\u00f3n del art\u00edculo.<\/p>\n<p>En caso de querer que el equipo Getlinko se encargue de la redacci\u00f3n, el importe que te cobramos es de 20\u20ac.<\/p>\n<p>[\/et_pb_accordion_item][et_pb_accordion_item title=&#8221;\u00bfQu\u00e9 precio le pongo a mi medio?&#8221; open_toggle_text_color=&#8221;#000000&#8243; _builder_version=&#8221;4.6.3&#8243; _module_preset=&#8221;default&#8221; text_orientation=&#8221;left&#8221; toggle_text_color=&#8221;#000000&#8243; toggle_font=&#8221;|700|||||||&#8221; toggle_font_size=&#8221;22px&#8221; open=&#8221;off&#8221;]<\/p>\n<p>Haz una investigaci\u00f3n en la plataforma y revisa los precios que tienen medios con m\u00e9tricas similares al tuyo. Ten en cuenta que en el precio tiene que estar incluido el coste de redacci\u00f3n del art\u00edculo.<\/p>\n<p>En caso de querer que el equipo Getlinko se encargue de la redacci\u00f3n, el importe que te cobramos es de 20\u20ac.<\/p>\n<p>[\/et_pb_accordion_item][et_pb_accordion_item title=&#8221;\u00bfPuedo escoger qu\u00e9 pedidos aceptar y cu\u00e1les rechazar?&#8221; open_toggle_text_color=&#8221;#000000&#8243; _builder_version=&#8221;4.6.3&#8243; _module_preset=&#8221;default&#8221; text_orientation=&#8221;left&#8221; toggle_text_color=&#8221;#000000&#8243; toggle_font=&#8221;|700|||||||&#8221; toggle_font_size=&#8221;22px&#8221; open=&#8221;off&#8221;]<\/p>\n<p>S\u00ed, puedes elegir si trabajas compras individuales y compras grupales o si tan solo lo haces con compras individuales. En compras individuales podr\u00e1s revisar cada una de las peticiones de compra para validar si quieres aceptarla. En las compras grupales en cambio, no podr\u00e1s hacer esta validaci\u00f3n pero el equipo de getlinko se encarga de que se cumplan los m\u00e1ximos est\u00e1ndares de calidad.<\/p>\n<p>[\/et_pb_accordion_item][et_pb_accordion_item title=&#8221;\u00bfDesde el momento en el que acepto el proyecto \u00bfCu\u00e1nto tiempo tengo para entregar los pedidos al anunciante?&#8221; open_toggle_text_color=&#8221;#000000&#8243; _builder_version=&#8221;4.6.3&#8243; _module_preset=&#8221;default&#8221; text_orientation=&#8221;left&#8221; toggle_text_color=&#8221;#000000&#8243; toggle_font=&#8221;|700|||||||&#8221; toggle_font_size=&#8221;22px&#8221; open=&#8221;off&#8221;]<\/p>\n<p>Dispones de 10 d\u00edas para redactarlo y publicarlo. Si no tienes tiempo de hacerlo en ese plazo, no te preocupes, en la plataforma te damos la opci\u00f3n de delegarlo en un redactor de Getlinko con un coste extra de 20\u20ac.<\/p>\n<p>[\/et_pb_accordion_item][et_pb_accordion_item title=&#8221;Una vez validado el pedido, \u00bfcu\u00e1nto tarda el pago en acreditarse?&#8221; open_toggle_text_color=&#8221;#000000&#8243; _builder_version=&#8221;4.6.3&#8243; _module_preset=&#8221;default&#8221; text_orientation=&#8221;left&#8221; toggle_text_color=&#8221;#000000&#8243; toggle_font=&#8221;|700|||||||&#8221; toggle_font_size=&#8221;22px&#8221; open=&#8221;off&#8221;]<\/p>\n<p>Una vez el pedido est\u00e9 finalizado podr\u00e1s ver el saldo de forma inmediata en tu cuenta de Getlinko.<\/p>\n<p>Una vez hayas llegado a la cantidad m\u00ednima (20\u20ac) para solicitar el dinero, podr\u00e1s hacer el retiro.\u00a0<\/p>\n<p>[\/et_pb_accordion_item][et_pb_accordion_item title=&#8221;\u00bfQu\u00e9 pasa si no entrego mi pedido a tiempo?&#8221; open_toggle_text_color=&#8221;#000000&#8243; _builder_version=&#8221;4.6.3&#8243; _module_preset=&#8221;default&#8221; text_orientation=&#8221;left&#8221; toggle_text_color=&#8221;#000000&#8243; toggle_font=&#8221;|700|||||||&#8221; toggle_font_size=&#8221;22px&#8221; open=&#8221;off&#8221;]<\/p>\n<p>El pedido se cancela y disminuye tu autoridad en la plataforma, lo que supone una reducci\u00f3n de tu visibilidad y por lo tanto tus opciones de venta. Si se incumplen muchos pedidos se perder\u00e1 autoridad y se puede llegar a ser expulsado de la plataforma.<\/p>\n<p>[\/et_pb_accordion_item][et_pb_accordion_item title=&#8221;Como Editor \u00bfdebo pagar alguna comisi\u00f3n?&#8221; open_toggle_text_color=&#8221;#000000&#8243; _builder_version=&#8221;4.6.3&#8243; _module_preset=&#8221;default&#8221; text_orientation=&#8221;left&#8221; toggle_text_color=&#8221;#000000&#8243; toggle_font=&#8221;|700|||||||&#8221; toggle_font_size=&#8221;22px&#8221; open=&#8221;off&#8221;]<\/p>\n<p>No, todas las comisiones son aplicadas al anunciante, exceptuando la comisi\u00f3n que pueda requerir tu sistema de retirada de dinero y que te aplique PayPal o tu banco.<\/p>\n<p>[\/et_pb_accordion_item][et_pb_accordion_item title=&#8221;\u00bfPuedo desactivar mi medio para que no me entren pedidos en mi periodo de vacaciones?&#8221; open_toggle_text_color=&#8221;#000000&#8243; _builder_version=&#8221;4.6.3&#8243; _module_preset=&#8221;default&#8221; text_orientation=&#8221;left&#8221; toggle_text_color=&#8221;#000000&#8243; toggle_font=&#8221;|700|||||||&#8221; toggle_font_size=&#8221;22px&#8221; open=&#8221;off&#8221;]<\/p>\n<p>Si, en el apartado de medios ver\u00e1s todos los medios que tienes activos. A la derecha de cada uno de ellos podr\u00e1s desactivar el medio de forma temporal.<\/p>\n<p>[\/et_pb_accordion_item][et_pb_accordion_item title=&#8221;\u00bfC\u00f3mo contacto con el equipo de soporte?&#8221; open_toggle_text_color=&#8221;#000000&#8243; _builder_version=&#8221;4.6.3&#8243; _module_preset=&#8221;default&#8221; text_orientation=&#8221;left&#8221; toggle_text_color=&#8221;#000000&#8243; toggle_font=&#8221;|700|||||||&#8221; toggle_font_size=&#8221;22px&#8221; open=&#8221;off&#8221;]<\/p>\n<p>Desde Getlinko damos diferentes opciones de contactar con nosotros. Escr\u00edbenos al chat e intentaremos responderte cuanto antes.<\/p>\n<p>[\/et_pb_accordion_item][\/et_pb_accordion][\/et_pb_column][\/et_pb_row][\/et_pb_section][et_pb_section fb_built=&#8221;1&#8243; _builder_version=&#8221;4.6.3&#8243; _module_preset=&#8221;default&#8221; background_image=&#8221;https:\/\/getlinko.com\/wp-content\/uploads\/2021\/01\/Recurso-6@3x.png&#8221; hover_enabled=&#8221;0&#8243; title_text=&#8221;Recurso 6@3x&#8221; sticky_enabled=&#8221;0&#8243;][et_pb_row _builder_version=&#8221;4.6.3&#8243; _module_preset=&#8221;default&#8221;][et_pb_column type=&#8221;4_4&#8243; _builder_version=&#8221;4.6.3&#8243; _module_preset=&#8221;default&#8221;][et_pb_text _builder_version=&#8221;4.6.3&#8243; _module_preset=&#8221;default&#8221; header_text_color=&#8221;#000000&#8243; header_2_font=&#8221;|800|||||||&#8221; header_2_text_align=&#8221;center&#8221; header_2_font_size=&#8221;40px&#8221; locked=&#8221;off&#8221;]<\/p>\n<h2>\u00bfA\u00fan no te has registrado?<\/h2>\n<p>[\/et_pb_text][et_pb_text _builder_version=&#8221;4.6.3&#8243; _module_preset=&#8221;default&#8221; text_font=&#8221;||||||||&#8221; text_text_color=&#8221;#1e1e1e&#8221; text_font_size=&#8221;16px&#8221; header_2_font=&#8221;|800|||||||&#8221; header_2_text_align=&#8221;center&#8221; header_2_font_size=&#8221;40px&#8221; text_orientation=&#8221;center&#8221; locked=&#8221;off&#8221;]<\/p>\n<p>\u00danete a nuestra comunidad de anunciantes y editores para encontrar las mejores posibilidades de linkbuilding.<\/p>\n<p>[\/et_pb_text][\/et_pb_column][\/et_pb_row][et_pb_row column_structure=&#8221;1_2,1_2&#8243; _builder_version=&#8221;4.6.3&#8243; _module_preset=&#8221;default&#8221;][et_pb_column type=&#8221;1_2&#8243; _builder_version=&#8221;4.6.3&#8243; _module_preset=&#8221;default&#8221;][et_pb_button button_url=&#8221;https:\/\/app.getlinko.com\/register&#8221; url_new_window=&#8221;on&#8221; button_text=&#8221;ANUNCIANTE&#8221; button_alignment=&#8221;right&#8221; button_alignment_tablet=&#8221;&#8221; button_alignment_phone=&#8221;center&#8221; button_alignment_last_edited=&#8221;on|phone&#8221; _builder_version=&#8221;4.6.3&#8243; _module_preset=&#8221;default&#8221; custom_button=&#8221;on&#8221; button_text_size=&#8221;18px&#8221; button_text_color=&#8221;#FFFFFF&#8221; button_bg_color=&#8221;#ff245b&#8221; button_border_width=&#8221;0px&#8221; button_border_radius=&#8221;0px&#8221; button_font=&#8221;|600|||||||&#8221; button_icon=&#8221;%%20%%&#8221; background_layout=&#8221;dark&#8221; custom_margin=&#8221;16px||||false|false&#8221; custom_padding=&#8221;|65px||65px|false|false&#8221;][\/et_pb_button][\/et_pb_column][et_pb_column type=&#8221;1_2&#8243; _builder_version=&#8221;4.6.3&#8243; _module_preset=&#8221;default&#8221;][et_pb_button button_url=&#8221;https:\/\/app.getlinko.com\/register\/editor&#8221; url_new_window=&#8221;on&#8221; button_text=&#8221;EDITOR&#8221; button_alignment=&#8221;left&#8221; button_alignment_tablet=&#8221;&#8221; button_alignment_phone=&#8221;center&#8221; button_alignment_last_edited=&#8221;on|phone&#8221; _builder_version=&#8221;4.6.3&#8243; _module_preset=&#8221;default&#8221; custom_button=&#8221;on&#8221; button_text_size=&#8221;18px&#8221; button_text_color=&#8221;#FFFFFF&#8221; button_bg_color=&#8221;#ff245b&#8221; button_border_width=&#8221;0px&#8221; button_border_radius=&#8221;0px&#8221; button_font=&#8221;|600|||||||&#8221; button_icon=&#8221;%%20%%&#8221; background_layout=&#8221;dark&#8221; custom_margin=&#8221;16px||||false|false&#8221; custom_padding=&#8221;|65px||65px|false|false&#8221;][\/et_pb_button][\/et_pb_column][\/et_pb_row][\/et_pb_section]<\/p>\n","protected":false},"excerpt":{"rendered":"<p>FAQ | EditoresPreguntas frecuentes de EditoresEstas son algunas de las preguntas frecuentes que nos hacen nuestros&#8230;<\/p>\n","protected":false},"author":22,"featured_media":0,"parent":0,"menu_order":0,"comment_status":"closed","ping_status":"closed","template":"","meta":{"_acf_changed":false,"_et_pb_use_builder":"on","_et_pb_old_content":"","_et_gb_content_width":"","content-type":"","footnotes":""},"class_list":["post-6440","page","type-page","status-publish","hentry"],"acf":[],"_links":{"self":[{"href":"https:\/\/getlinko.com\/en\/wp-json\/wp\/v2\/pages\/6440","targetHints":{"allow":["GET"]}}],"collection":[{"href":"https:\/\/getlinko.com\/en\/wp-json\/wp\/v2\/pages"}],"about":[{"href":"https:\/\/getlinko.com\/en\/wp-json\/wp\/v2\/types\/page"}],"author":[{"embeddable":true,"href":"https:\/\/getlinko.com\/en\/wp-json\/wp\/v2\/users\/22"}],"replies":[{"embeddable":true,"href":"https:\/\/getlinko.com\/en\/wp-json\/wp\/v2\/comments?post=6440"}],"version-history":[{"count":0,"href":"https:\/\/getlinko.com\/en\/wp-json\/wp\/v2\/pages\/6440\/revisions"}],"wp:attachment":[{"href":"https:\/\/getlinko.com\/en\/wp-json\/wp\/v2\/media?parent=6440"}],"curies":[{"name":"wp","href":"https:\/\/api.w.org\/{rel}","templated":true}]}}