{"id":6128,"date":"2021-06-19T15:54:36","date_gmt":"2021-06-19T13:54:36","guid":{"rendered":"https:\/\/getlinko.com\/privacy-policy\/"},"modified":"2024-04-26T00:14:08","modified_gmt":"2024-04-25T22:14:08","slug":"privacy-policy","status":"publish","type":"page","link":"https:\/\/getlinko.com\/en\/privacy-policy\/","title":{"rendered":"Privacy Policy"},"content":{"rendered":"<p>[et_pb_section fb_built=&#8221;1&#8243; _builder_version=&#8221;4.25.0&#8243; background_color=&#8221;#f2eff5&#8243; hover_enabled=&#8221;0&#8243; global_colors_info=&#8221;{}&#8221; custom_margin=&#8221;50px||||false|false&#8221; sticky_enabled=&#8221;0&#8243;][et_pb_row column_structure=&#8221;1_4,3_4&#8243; _builder_version=&#8221;4.16&#8243; background_size=&#8221;initial&#8221; background_position=&#8221;top_left&#8221; background_repeat=&#8221;repeat&#8221; global_colors_info=&#8221;{}&#8221;][et_pb_column type=&#8221;1_4&#8243; _builder_version=&#8221;4.16&#8243; custom_padding=&#8221;|||&#8221; global_colors_info=&#8221;{}&#8221; custom_padding__hover=&#8221;|||&#8221;][et_pb_text _builder_version=&#8221;4.23&#8243; _module_preset=&#8221;default&#8221; text_text_color=&#8221;#261A4B&#8221; link_font=&#8221;Inter_600||||||||&#8221; link_text_color=&#8221;#261a4b&#8221; link_font_size=&#8221;20px&#8221; link_line_height=&#8221;2em&#8221; custom_margin=&#8221;|-20px||||&#8221; global_colors_info=&#8221;{}&#8221;]<\/p>\n<p><a href=\"https:\/\/getlinko.com\/en\/terms-and-conditions\/\" title=\"terminos-y-condiciones\">T\u00e9rminos y Condiones<\/a><\/p>\n<div class=\"raw_components--panel--3IcXg inspect_panels--inspectionPanel--3Wboz\" tabindex=\"-1\">\n<div>\n<div class=\"inspect_panels--copyableRow--2_PiZ inspect_panels--highlightRow--21P9S\">\n<div class=\"inspect_panels--propertyRowContent--7Y-mu inspect_panels--copyableRow--2_PiZ inspect_panels--highlightRow--21P9S\">\n<div class=\"inspect_panels--contentProperty--2Z1QI text--fontPos11--RSei3 text--_fontBase--YWDo0 ellipsis--ellipsisAfter8Lines--2rn32 ellipsis--_ellipsisAfterNLines--26JkZ\"><span style=\"text-decoration: underline;\"><a href=\"https:\/\/getlinko.com\/en\/privacy-policy\/\" title=\"politica-privacidad\">Pol\u00edtica de Privacidad<\/a><\/span><\/div>\n<div class=\"inspect_panels--contentProperty--2Z1QI text--fontPos11--RSei3 text--_fontBase--YWDo0 ellipsis--ellipsisAfter8Lines--2rn32 ellipsis--_ellipsisAfterNLines--26JkZ\"><\/div>\n<\/div>\n<\/div>\n<\/div>\n<\/div>\n<div class=\"raw_components--panel--3IcXg inspect_panels--inspectionPanel--3Wboz\" tabindex=\"-1\">\n<div>\n<div class=\"inspect_panels--typographySection--36LoJ\">\n<div class=\"inspect_panels--copyableRow--2_PiZ inspect_panels--highlightRow--21P9S\">\n<div class=\"inspect_panels--typographyPropertyRow--2ccih inspect_panels--propertyRow--Kv4Lp inspect_panels--basePropertyRow--2wZBE\">\n<div>\n<div class=\"raw_components--panel--3IcXg inspect_panels--inspectionPanel--3Wboz\" tabindex=\"-1\">\n<div>\n<div class=\"inspect_panels--copyableRow--2_PiZ inspect_panels--highlightRow--21P9S\">\n<div class=\"inspect_panels--propertyRowContent--7Y-mu inspect_panels--copyableRow--2_PiZ inspect_panels--highlightRow--21P9S\">\n<div class=\"inspect_panels--contentProperty--2Z1QI text--fontPos11--RSei3 text--_fontBase--YWDo0 ellipsis--ellipsisAfter8Lines--2rn32 ellipsis--_ellipsisAfterNLines--26JkZ\"><a href=\"https:\/\/getlinko.com\/en\/cookies-policy\/\" title=\"politica-de-cookies\">Pol\u00edtica de Cookies<\/a><\/div>\n<\/div>\n<\/div>\n<\/div>\n<\/div>\n<\/div>\n<\/div>\n<\/div>\n<\/div>\n<\/div>\n<\/div>\n<p>[\/et_pb_text][\/et_pb_column][et_pb_column type=&#8221;3_4&#8243; _builder_version=&#8221;4.16&#8243; custom_padding=&#8221;|||&#8221; global_colors_info=&#8221;{}&#8221; custom_padding__hover=&#8221;|||&#8221;][et_pb_text _builder_version=&#8221;4.16&#8243; _module_preset=&#8221;default&#8221; text_font=&#8221;|600|||||||&#8221; text_text_color=&#8221;#261A4B&#8221; text_font_size=&#8221;36px&#8221; text_line_height=&#8221;1.3em&#8221; header_font=&#8221;inter_700||||||||&#8221; header_text_color=&#8221;#261A4B&#8221; header_font_size=&#8221;48px&#8221; global_colors_info=&#8221;{}&#8221;]<\/p>\n<h1>Privacy Policy<\/h1>\n<p>[\/et_pb_text][et_pb_text _builder_version=&#8221;4.16&#8243; text_font=&#8221;Inter_regular||||||||&#8221; text_text_color=&#8221;#261A4B&#8221; background_size=&#8221;initial&#8221; background_position=&#8221;top_left&#8221; background_repeat=&#8221;repeat&#8221; global_colors_info=&#8221;{}&#8221;]<\/p>\n<p><em>\u00a0Esta Pol\u00edtica de Privacidad se actualiz\u00f3 por \u00faltima vez el 22 de enero de 2022.<\/em><\/p>\n<p class=\"entry-title main_title\">La misi\u00f3n de<strong> Getlinko<\/strong> es conectar editores, influencers y propietarios de medios digitales con anunciantes. En otras palabras: generar una comunidad digital referente del mundo del Linkbuilding y SEO. Nuestra comunidad se basa en la confianza, y para ello es fundamental que todos los miembros tengan claro c\u00f3mo utilizamos sus datos y protegemos su derecho a la privacidad.<\/p>\n<p class=\"entry-title main_title\">Esta pol\u00edtica de privacidad describe c\u00f3mo GETLINKO INTERNATIONAL S.L. trata los datos personales que recopilamos a trav\u00e9s del sitio web y el uso de la plataforma de Getlinko (https:\/\/getlinko.com).<\/p>\n<p>En este sentido, GETLINKO INTERNATIONAL S.L. garantiza el cumplimiento de la normativa vigente en materia de protecci\u00f3n de los datos personales reflejada en la Ley Org\u00e1nica 3\/2018, del 5 de diciembre, de Protecci\u00f3n de Datos Personales y de Garant\u00eda de Derechos Digitales (LOPD\u00a0 GDD). Cumple tambi\u00e9n con el Reglamento (UE) 2016\/679 del Parlamento Europeo en el Consejo del 27 de abril de 2016 relativo a la protecci\u00f3n das personas f\u00edsicas ( RGPD).<\/p>\n<div class=\"entry-content\">\n<p>EL uso del sitio web implica la aceptaci\u00f3n de esta Pol\u00edtica de Privacidad, <a href=\"https:\/\/getlinko.com\/en\/cookies-policy\/\">Pol\u00edtica de Cookies<\/a>, as\u00ed como tambi\u00e9n los\u00a0 <a href=\"https:\/\/getlinko.com\/en\/terms-and-conditions\/\">T\u00e9rminos y Condiciones<\/a> de uso descritos.<\/p>\n<h4><\/h4>\n<h4><\/h4>\n<h4>1.- IDENTIDAD DEL RESPONSABLE<\/h4>\n<ul>\n<li><b>Titular:<\/b> GETLINKO INTERNATIONAL S.L.<\/li>\n<li><b>NIF:<\/b> <span>B10858769<\/span><\/li>\n<li><b>Domicilio: <\/b>R\u00faa da Ponte, 4, Entreplanta Derecha, Lal\u00edn, Pontevedra, 36500, Espa\u00f1a.<\/li>\n<li><b>Correo electr\u00f3nico:<\/b> info@getlinko.com<\/li>\n<li><b>Sitio Web: <\/b><a href=\"https:\/\/getlinko.com\/en\/\">https:\/\/getlinko.com<\/a><\/li>\n<\/ul>\n<h4><\/h4>\n<h4>2.- PRINCIPIOS APLICADOS EN EL TRATAMIENTO DE DATOS<\/h4>\n<ul>\n<li><strong>Principio de licitud: <\/strong>El tratamiento de los datos personales siempre requiere una base legal<\/li>\n<li><strong>Principio de transparencia:<\/strong> Todo interesado debe ser capaz de comprender el tratamiento de sus datos personales.<\/li>\n<li><strong>Principio de limitaci\u00f3n de la finalidad: <\/strong>Los fines para los que se tratan los datos personales deben identificarse claramente con antelaci\u00f3n y definirse en el momento de la recogida. Consecuentemente, los datos personales ser\u00e1n recogidos con fines determinados, expl\u00edcitos y leg\u00edtimos, y no ser\u00e1n tratados ulteriormente de manera incompatible con dichos fines.<\/li>\n<li><strong>Principio de minimizaci\u00f3n de los datos: <\/strong>Los datos personales objeto de tratamiento ser\u00e1n adecuados, pertinentes y limitados a lo necesario en relaci\u00f3n con los fines para los que son tratados.<\/li>\n<li><strong>Principio de exactitud: <\/strong>Los datos personales se deben conservar de forma correcta y completa y mantenerse actualizados. Se deber\u00e1n tomar las medidas razonables para borrar, corregir, complementar o actualizar aquellos datos que sean inexactos o est\u00e9n incompletos o desactualizados.<\/li>\n<li><strong>Principio de limitaci\u00f3n del plazo de conservaci\u00f3n: <\/strong>Los datos personales s\u00f3lo se deben conservar durante el tiempo que sea estrictamente necesario para el objetivo del tratamiento o seg\u00fan lo permitan otras regulaciones legales.<\/li>\n<li><strong>Principio de integridad y confidencialidad: <\/strong>El tratamiento de datos personales siempre requiere una base legal. En el tratamiento de datos personales, se deben tomar las medidas t\u00e9cnicas y organizativas adecuadas para proteger los datos de forma apropiada, en particular frente al tratamiento no autorizado o ilegal, a la p\u00e9rdida accidental y a la destrucci\u00f3n o da\u00f1os accidentales.<\/li>\n<\/ul>\n<h4><\/h4>\n<h4>3.- OBTENCI\u00d3N DE DATOS PERSONALES<\/h4>\n<p>Para la utilizaci\u00f3n de nuestra plataforma requerimos informaci\u00f3n personal necesaria, de no hacerlo, quiz\u00e1 no podr\u00edamos prestarle todos los servicios solicitados. Estos son los datos que recopilamos:<\/p>\n<p><strong>3.a.- INFORMACI\u00d3N NECESARIA PARA EL USO DE LA PLATAFORMA<\/strong><\/p>\n<ul>\n<li><strong>Datos de contacto, cuenta, informaci\u00f3n del perfil<\/strong>. Por ejemplo, su nombre, apellidos, n\u00famero de tel\u00e9fono, n\u00famero de whatsapp, direcci\u00f3n postal, direcci\u00f3n de correo electr\u00f3nico, fecha de nacimiento y foto de perfil, que dependen de las funciones que utilice.<\/li>\n<li><strong>Informaci\u00f3n sobre verificaci\u00f3n de la identidad, perfil fiscal y datos de pago<\/strong>. Por ejemplo, im\u00e1genes de su documento de identificaci\u00f3n oficial (si lo permite la legislaci\u00f3n aplicable), su n\u00famero de identificaci\u00f3n u otra informaci\u00f3n necesaria para establecer su perfil fiscal y cumplir con las obligaciones ante la administraci\u00f3n p\u00fablica; o datos sobre su cuenta bancaria o cuenta de pago para el uso establecido en nuestras <a href=\"https:\/\/getlinko.com\/en\/terms-and-conditions\/\">condiciones de uso<\/a>.<\/li>\n<\/ul>\n<p><strong>3.b.- INFORMACI\u00d3N QUE USTED PROPORCIONA VOLUNTARIAMENTE<\/strong><\/p>\n<ul>\n<li><strong>Informaci\u00f3n adicional del perfil<\/strong>. Como g\u00e9nero, idiomas preferidos, ciudad y descripci\u00f3n personal. Como se se\u00f1ala en la configuraci\u00f3n de su Cuenta.<\/li>\n<li><strong>Otra informaci\u00f3n<\/strong>. Por ejemplo, al rellenar un formulario, a\u00f1adir informaci\u00f3n a su cuenta, responder a encuestas, publicar en foros comunitarios, participar en promociones, comunicarse con nuestro equipo de Atenci\u00f3n al Cliente u otros miembros de nuestro equipo o contarnos su experiencia.<\/li>\n<\/ul>\n<\/div>\n<p><b>3.c.- INFORMACI\u00d3N QUE SE RECOPILA AUTOM\u00c1TICAMENTE POR GETLINKO, NUESTROS SERVICIOS DE PAGO Y\/O INTEGRACIONES CON TERCEROS.<\/b><\/p>\n<p>Recopilamos autom\u00e1ticamente datos personales, de su cuenta y\/o de sus propiedades cuando use la Plataforma Getlinko, los Servicios de Pago e Integraciones con Terceros, que podr\u00e1n incluir:<\/p>\n<ul>\n<li><strong>Informaci\u00f3n sobre la ubicaci\u00f3n geogr\u00e1fica<\/strong>. Por ejemplo, una ubicaci\u00f3n precisa o aproximada determinada a partir de su direcci\u00f3n IP.<\/li>\n<li><strong>Informaci\u00f3n de uso<\/strong>. Por ejemplo, las p\u00e1ginas o dem\u00e1s contenido que visualice, las b\u00fasquedas que realice, los pedidos que haya hecho y otras acciones que lleve a cabo en la Plataforma Getlinko.<\/li>\n<li><strong>Datos de registro e informaci\u00f3n sobre su dispositivo<\/strong>. Por ejemplo, informaci\u00f3n sobre c\u00f3mo ha utilizado la Plataforma Getlinko, direcci\u00f3n IP, fechas y horas de acceso.<\/li>\n<li><strong>Cookies y tecnolog\u00edas similares descritas en nuestra\u00a0<a href=\"https:\/\/getlinko.com\/en\/cookies-policy\/\">Pol\u00edtica de Cookies<\/a><\/strong>.<\/li>\n<li><strong>Informaci\u00f3n sobre transacciones de pago<\/strong>. Por ejemplo, el instrumento de pago utilizado, la fecha y hora, el importe, la fecha de vencimiento del instrumento de pago y el c\u00f3digo postal de facturaci\u00f3n, la direcci\u00f3n de correo electr\u00f3nico de PayPal, los datos del IBAN, su direcci\u00f3n y otros detalles relacionados con las transacciones.<\/li>\n<\/ul>\n<p>\u00a0<\/p>\n<div class=\"_czm8crp\">\n<div>\n<h4>4.- INTERCAMBIO Y DIVULGACI\u00d3N DE INFORMACI\u00d3N<\/h4>\n<\/div>\n<\/div>\n<div class=\"_czm8crp\">\n<p><b>4.a.- INFORMACI\u00d3N COMPARTIDA CON SU CONSENTIMIENTO O A REQUERIMIENTO SUYO.<\/b><\/p>\n<p>Cuando usted haya dado su consentimiento, podremos compartir su informaci\u00f3n o de sus propiedades, tal y como figure en el momento en que lo haya autorizado, por ejemplo, cuando usted autorice que una aplicaci\u00f3n o sitio web de terceros acceda a su Cuenta de Getlinko.<\/p>\n<p><b>4.b.- INFORMACI\u00d3N COMPARTIDA ENTRE MIEMBROS DE GETLINKO.<\/b><\/p>\n<p>Para ayudar a facilitar los pedidos u otras interacciones entre los Miembros, podremos compartir cierta informaci\u00f3n en casos como los que se indican a continuaci\u00f3n: Cada vez que, en calidad de Anunciante, usted env\u00eda una solicitud o realiza una reclamaci\u00f3n, determinada informaci\u00f3n acerca de usted es compartida con el Editor, incluidos su perfil, su nombre, informaci\u00f3n sobre las evaluaciones. Cada vez que, en calidad de Editor, usted tenga un pedido, compartimos determinada informaci\u00f3n con el Anunciante para coordinar el pedido.<\/p>\n<p><strong>4.c.- INFORMACI\u00d3N COMPARTIDA CON GOOGLE ANALYTICS.<\/strong><\/p>\n<p>Para ayudar a facilitar y automatizar la verificaci\u00f3n de su informaci\u00f3n personal, de su cuenta o de sus medios digitales (&#8220;<em>propiedades&#8221;) <\/em>se encuentra a disposici\u00f3n integrado en nuestra plataforma la identificaci\u00f3n de su cuenta de Getlinko con su cuenta de Google Analytics. Al conceder el acceso autoriza a Getlinko a acceder a la informaci\u00f3n de sus propiedades en Google Analytics\u00a0 y de informaci\u00f3n sensible como las estad\u00edsticas de los mismo para que se encuentren a disposici\u00f3n en la plataforma y de sus miembros como se establece en los <a href=\"https:\/\/getlinko.com\/en\/terms-and-conditions\/\">T\u00e9rminos y Condiciones<\/a> de uso de la plataforma.<\/p>\n<p>Los datos de su cuenta de Google Analytics podr\u00e1n ser consultados de forma peri\u00f3dica para actualizar cierta informaci\u00f3n de estad\u00edsticas de sus propiedades. En todo momento dispondr\u00e1 el acceso a revocar dicha autorizaci\u00f3n si lo considera necesario.<\/p>\n<p>Para mayor informaci\u00f3n de c\u00f3mo Google Analytics trata tus datos ingresa <a href=\"https:\/\/marketingplatform.google.com\/about\/analytics\/terms\/es\/\" target=\"_blank\" rel=\"noopener\">aqu\u00ed<\/a><\/p>\n<\/div>\n<p>\u00a0<\/p>\n<h4>6.- DESTINATARIO DE LOS DATOS PERSONALES Y DE TU CUENTA<\/h4>\n<p>Getlinko no comparte datos personales de sus usuarios con fines comerciales con terceros. Las personas o empresas con las que podemos compartir tu informaci\u00f3n, bien por obligaci\u00f3n legal, fiscal o de organizaci\u00f3n, regulan el tratamiento de sus datos de manera independiente a Getlinko.<br \/>Es posible que tus datos sean compartidos o inclu\u00eddos en algunos de nuestros proveedores:<\/p>\n<ul>\n<li><strong>Getgist: <\/strong>https:\/\/getgist.com\/privacy\/<\/li>\n<li><strong>Sendgrid: <\/strong>https:\/\/www.twilio.com\/legal\/tos<\/li>\n<li><b>Google Analytics: <\/b><a href=\"https:\/\/marketingplatform.google.com\/about\/analytics\/terms\/es\/\" target=\"_blank\" rel=\"noopener\">https:\/\/marketingplatform.google.com\/about\/analytics\/terms\/es\/<\/a><\/li>\n<li><strong>Hubspot: <\/strong>https:\/\/legal.hubspot.com\/es\/privacy-policy<\/li>\n<\/ul>\n<p>\u00a0<\/p>\n<p><span style=\"color: #333333; font-size: 18px;\">7.- DERECHOS<\/span><\/p>\n<div class=\"entry-content\">\n<p>El Titular le informa que sobre sus datos personales tiene derecho a:<\/p>\n<ul>\n<li>Solicite acceso a los datos almacenados.<\/li>\n<li>Solicita una rectificaci\u00f3n o cancelaci\u00f3n.<\/li>\n<li>Solicita la limitaci\u00f3n de tu tratamiento.<\/li>\n<li>Oponerse al tratamiento.<\/li>\n<li>Solicita la portabilidad de tus datos<\/li>\n<\/ul>\n<p>El ejercicio de estos derechos es personal y por tanto debe ser ejercido directamente por el interesado, solicit\u00e1ndolo directamente al Titular, lo que significa que cualquier cliente, suscriptor o colaborador que facilit\u00f3 sus datos en cualquier momento, podr\u00e1 dirigirse a GETLINKO INTERNATIONAL S.L. y solicitar informaci\u00f3n sobre los datos que ha almacenado y c\u00f3mo los obtuvo, solicitar la rectificaci\u00f3n de los mismos, solicitar la portabilidad de sus datos personales, oponerse al tratamiento, limitar su uso o solicitar la cancelaci\u00f3n de dichos datos en los ficheros del Titular.<\/p>\n<p>Para ejercitar sus derechos de acceso, rectificaci\u00f3n, cancelaci\u00f3n, portabilidad y oposici\u00f3n debe enviar un correo electr\u00f3nico a info@getlinko.com junto con prueba v\u00e1lida en derecho como fotocopia del D.N.I. o equivalente.<\/p>\n<p>Tiene derecho a la tutela judicial efectiva y a presentar una reclamaci\u00f3n ante la autoridad de control, en este caso la Agencia Espa\u00f1ola de Protecci\u00f3n de Datos, si considera que el tratamiento de los datos personales que le conciernen infringe el Reglamento.<\/p>\n<p>\u00a0<\/p>\n<h4>8.- FINALIDAD DEL TRATAMIENTO DE LOS DATOS PERSONALES<\/h4>\n<h4><span style=\"color: #666666;\"><span style=\"font-size: 14px;\">Cuando te conectas al sitio web para enviar un correo electr\u00f3nico al Titular, al suscribirte a su newsletter, est\u00e1s facilitando informaci\u00f3n personal de la que GETLINKO INTERNATIONAL S.L. es responsable, esta informaci\u00f3n puede incluir datos personales como tu direcci\u00f3n IP, nombre y apellidos, direcci\u00f3n f\u00edsica, direcci\u00f3n de correo electr\u00f3nico, n\u00famero de tel\u00e9fono, n\u00famero de whatsapp y otra informaci\u00f3n. Al proporcionar esta informaci\u00f3n, usted da su consentimiento para que su informaci\u00f3n sea recopilada, utilizada, administrada y almacenada solo como se describe en los <a href=\"https:\/\/getlinko.com\/en\/terms-and-conditions\/\">T\u00e9rminos y Condiciones<\/a> y en esta Pol\u00edtica de privacidad.<\/span><\/span><\/h4>\n<p>Los datos personales y la finalidad del tratamiento por parte del Titular es diferente seg\u00fan el sistema de captura de informaci\u00f3n:<\/p>\n<p>Existen otras finalidades para las que el Titular trata los datos personales:<\/p>\n<ul>\n<li>Velar por el cumplimiento de las condiciones establecidas en el Aviso Legal y ley aplicable. Esto puede incluir el desarrollo de herramientas y algoritmos que ayuden a este sitio web a garantizar la confidencialidad de los datos personales que recopila.<\/li>\n<li>Apoyar y mejorar los servicios ofrecidos por este sitio web.<\/li>\n<li>Analizar la navegaci\u00f3n de los usuarios. El Titular recoge otros datos no identificativos que se obtienen mediante el uso de cookies que se descargan en el ordenador del Usuario cuando navega por el sitio web cuyas caracter\u00edsticas y finalidad se detallan en la Pol\u00edtica de Cookies.<\/li>\n<li>Gestionar las redes sociales. GETLINKO INTERNATIONAL S.L. tiene presencia en las redes sociales. Si te haces seguidor en las redes sociales del Titular, el tratamiento de los datos personales se regir\u00e1 por este apartado, as\u00ed como por aquellas condiciones de uso, pol\u00edticas de privacidad y normativa de acceso que pertenezcan a la red social que aplique en cada caso y que hayas aceptado previamente.<\/li>\n<\/ul>\n<p>\u00a0<\/p>\n<p>Puede consultar las pol\u00edticas de privacidad de las principales redes sociales en estos enlaces:<\/p>\n<ul>\n<li><a href=\"https:\/\/www.facebook.com\/help\/cookies\" target=\"_blank\" rel=\"noopener\">Facebook<\/a><\/li>\n<li><a href=\"https:\/\/twitter.com\/privacy\" target=\"_blank\" rel=\"noopener\"> X<\/a><\/li>\n<li><a href=\"https:\/\/www.linkedin.com\/legal\/cookie-policy\" target=\"_blank\" rel=\"noopener\">Linkedin<\/a><\/li>\n<li><a href=\"https:\/\/www.youtube.com\/privacy\" target=\"_blank\" rel=\"noopener\">YouTube<\/a><\/li>\n<li><a href=\"https:\/\/www.instagram.com\/legal\/privacy\/\" target=\"_blank\" rel=\"noopener\">Instagram<\/a><\/li>\n<\/ul>\n<p>El Titular tratar\u00e1 sus datos personales con la finalidad de gestionar adecuadamente su presencia en la red social, informarle de sus actividades, as\u00ed como para cualquier otra finalidad que permita la normativa de redes sociales. En ning\u00fan caso el Titular utilizar\u00e1 los perfiles de seguidores en redes sociales para enviar publicidad de forma individual.<\/p>\n<p>\u00a0<\/p>\n<h4>9.- SEGURIDAD DE LOS DATOS PERSONALES<\/h4>\n<p>Para proteger sus datos personales, el Titular toma todas las precauciones razonables y sigue las mejores pr\u00e1cticas de la industria para evitar su p\u00e9rdida, mal uso, mal uso, divulgaci\u00f3n, alteraci\u00f3n o destrucci\u00f3n de los mismos.<\/p>\n<p>El sitio web est\u00e1 alojado en Raiola Networks. La seguridad de los datos est\u00e1 garantizada ya que toman todas las medidas de seguridad necesarias para ello.<\/p>\n<\/div>\n<p>\u00a0<\/p>\n<h4>10.- CONTENIDO DE OTROS SITIOS WEB<\/h4>\n<div class=\"entry-content\">\n<p>Las p\u00e1ginas de este sitio web pueden incluir contenido incrustado (por ejemplo, videos, im\u00e1genes, art\u00edculos, etc.). El contenido incrustado de otros sitios web se comporta exactamente de la misma manera que si estuviera visitando otro sitio web.<\/p>\n<p>Estos sitios web pueden recopilar datos sobre usted, usar cookies, incrustar c\u00f3digo de seguimiento de terceros adicional y monitorear su interacci\u00f3n usando este c\u00f3digo.<\/p>\n<h4>11.- POL\u00cdTICA DE COOKIES<\/h4>\n<p>Para que este sitio web funcione correctamente, debe utilizar cookies, que es informaci\u00f3n que se almacena en su navegador web.<\/p>\n<p>En la p\u00e1gina de <a href=\"https:\/\/getlinko.com\/en\/cookies-policy\/\">Pol\u00edtica de Cookies<\/a> puede consultar toda la informaci\u00f3n relativa a la pol\u00edtica de recogida, la finalidad y el tratamiento de las cookies.<\/p>\n<\/div>\n<p>\u00a0<\/p>\n<div class=\"entry-content\">\n<h4>12.- LEGITIMACI\u00d3N PARA EL TRATAMIENTO DE\u00a0 LOS DATOS<\/h4>\n<p>La base legal para el tratamiento de sus datos es: consentimiento. Para contactar con el Titular, suscribirse a una newsletter o comentar en este sitio web debe aceptar esta Pol\u00edtica de Privacidad.<\/p>\n<h4><\/h4>\n<h4>13.- CATEGOR\u00cdA DE LOS DATOS PERSONALES<\/h4>\n<p>Las categor\u00edas de datos personales tratados por el Titular son:<\/p>\n<ul>\n<li>Datos identificativos.<\/li>\n<li>Las categor\u00edas de datos especialmente protegidas no est\u00e1n cubiertas.<\/li>\n<li>Datos proporcionados por terceros<\/li>\n<\/ul>\n<p>\u00a0<\/p>\n<h4>14.- CONSERVACI\u00d3N DE LOS DATOS PERSONALES<\/h4>\n<p>Los datos personales que proporciones al Titular se conservar\u00e1n hasta que solicites su supresi\u00f3n.<\/p>\n<p>\u00a0<\/p>\n<h4>15.- EXACTITUD Y VERACIDAD DE LOS DATOS PROPORCIONADOS<\/h4>\n<p>Usted acepta que los datos facilitados al Titular ser\u00e1n correctos, completos, exactos y actuales, as\u00ed como a mantenerlos debidamente actualizados.<\/p>\n<p>Como Usuario del Sitio Web eres el \u00fanico responsable de la veracidad y correcci\u00f3n de los datos remitidos al Sitio Web exonerando a GETLINKO INTERNATIONAL S.L. de cualquier responsabilidad al respecto.<\/p>\n<\/div>\n<p>\u00a0<\/p>\n<div class=\"entry-content\">\n<h4>16.- REVOCABILIDAD<\/h4>\n<p>Para ejercitar sus derechos de acceso, rectificaci\u00f3n, cancelaci\u00f3n, portabilidad y oposici\u00f3n debe enviar un correo electr\u00f3nico a info@mercalalin.gal junto con prueba v\u00e1lida en derecho como fotocopia del D.N.I. o equivalente.<\/p>\n<p>El ejercicio de estos derechos no incluye ning\u00fan dato que GETLINKO INTERNATIONAL S.L. deber\u00e1 conservarse con fines administrativos, legales o de seguridad.<\/p>\n<p>\u00a0<\/p>\n<\/div>\n<h4>17.- ACTUALIZACI\u00d3N DE LA POL\u00cdTICA DE PRIVACIDAD<\/h4>\n<p>Es posible que actualicemos en cualquier momento y sin previo aviso la Pol\u00edtica de Privacidad de esta P\u00e1gina, para adaptarla a las novedades legislativas o por decisiones corporativas. Por ello le recomendamos acceder a la misma cada vez que pretendan hacer uso de la P\u00e1gina con el objetivo de estar adecuadamente informado sobre c\u00f3mo y para qu\u00e9 usamos las cookies en cada momento.<\/p>\n<p>\u00a0<\/p>\n<h4>18.- CONSENTIMIENTO<\/h4>\n<p>Al hacer uso de la aplicaci\u00f3n Getlinko, el Usuario acepta expresamente el tratamiento de la informaci\u00f3n recabada mencionado en en estas P\u00f3liticas de Pivacidad y en las <a href=\"https:\/\/getlinko.com\/en\/cookies-policy\/\">Pol\u00edticas de Cookies<\/a> y los <a href=\"https:\/\/getlinko.com\/en\/terms-and-conditions\/\">T\u00e9rminos y Condiciones<\/a>.<\/p>\n<p>Si tiene dudas sobre estos T\u00e9rminos, puede contactar con nosotros a trav\u00e9s del siguiente correo electr\u00f3nico:\u00a0<a href=\"mailto:info@getlinko.com\">info@getlinko.com<\/a> indicando en el asunto \u201cPol\u00edtica de Privacidad\u201d.<\/p>\n<p>\u00a0<\/p>\n<h4>19.- AVISO FINAL<\/h4>\n<p>Los T\u00e9rminos y Condiciones Generales de Uso, presentes en este documento, se establecen y publican en el dominio bajo la legislaci\u00f3n del Estado espa\u00f1ol; por ende, cualquier desacuerdo o controversia que pudiera causar ser\u00e1 resuelto bajo la jurisdicci\u00f3n del pa\u00eds.<\/p>\n<p>[\/et_pb_text][\/et_pb_column][\/et_pb_row][\/et_pb_section]<\/p>\n","protected":false},"excerpt":{"rendered":"<p>T\u00e9rminos y Condiones Pol\u00edtica de Privacidad Pol\u00edtica de Cookies Privacy Policy\u00a0Esta Pol\u00edtica de Privacidad se&#8230;<\/p>\n","protected":false},"author":22,"featured_media":0,"parent":0,"menu_order":0,"comment_status":"closed","ping_status":"open","template":"","meta":{"_acf_changed":false,"_et_pb_use_builder":"on","_et_pb_old_content":"","_et_gb_content_width":"","content-type":"","footnotes":""},"class_list":["post-6128","page","type-page","status-publish","hentry"],"acf":[],"_links":{"self":[{"href":"https:\/\/getlinko.com\/en\/wp-json\/wp\/v2\/pages\/6128","targetHints":{"allow":["GET"]}}],"collection":[{"href":"https:\/\/getlinko.com\/en\/wp-json\/wp\/v2\/pages"}],"about":[{"href":"https:\/\/getlinko.com\/en\/wp-json\/wp\/v2\/types\/page"}],"author":[{"embeddable":true,"href":"https:\/\/getlinko.com\/en\/wp-json\/wp\/v2\/users\/22"}],"replies":[{"embeddable":true,"href":"https:\/\/getlinko.com\/en\/wp-json\/wp\/v2\/comments?post=6128"}],"version-history":[{"count":0,"href":"https:\/\/getlinko.com\/en\/wp-json\/wp\/v2\/pages\/6128\/revisions"}],"wp:attachment":[{"href":"https:\/\/getlinko.com\/en\/wp-json\/wp\/v2\/media?parent=6128"}],"curies":[{"name":"wp","href":"https:\/\/api.w.org\/{rel}","templated":true}]}}